{"id":9850,"date":"2025-02-12T12:55:32","date_gmt":"2025-02-12T11:55:32","guid":{"rendered":"https:\/\/sago.ch\/videos\/"},"modified":"2026-02-06T20:44:05","modified_gmt":"2026-02-06T19:44:05","slug":"videos","status":"publish","type":"page","link":"https:\/\/sago.ch\/fr\/videos\/","title":{"rendered":"Vid\u00e9os"},"content":{"rendered":"\t\t<div data-elementor-type=\"wp-page\" data-elementor-id=\"9850\" class=\"elementor elementor-9850 elementor-3531\" data-elementor-post-type=\"page\">\n\t\t\t\t<div class=\"elementor-element elementor-element-69eb4133 elementor-hidden-mobile e-flex e-con-boxed e-con e-parent\" data-id=\"69eb4133\" data-element_type=\"container\" data-e-type=\"container\" data-settings=\"{&quot;background_background&quot;:&quot;video&quot;,&quot;background_video_link&quot;:&quot;https:\\\/\\\/sago.ch\\\/wp-content\\\/uploads\\\/2025\\\/02\\\/22-03-30-Headervideo_smal.mp4&quot;}\">\n\t\t\t\t\t<div class=\"e-con-inner\">\n\t\t<div class=\"elementor-background-video-container elementor-hidden-mobile\">\n\t\t\t\t\t\t\t<video class=\"elementor-background-video-hosted\" role=\"presentation\" autoplay muted playsinline loop><\/video>\n\t\t\t\t\t<\/div>\t\t<div class=\"elementor-element elementor-element-3dccb0fb elementor-widget elementor-widget-heading\" data-id=\"3dccb0fb\" data-element_type=\"widget\" data-e-type=\"widget\" data-widget_type=\"heading.default\">\n\t\t\t\t<div class=\"elementor-widget-container\">\n\t\t\t\t\t<h1 class=\"elementor-heading-title elementor-size-default\">Vid\u00e9os<\/h1>\t\t\t\t<\/div>\n\t\t\t\t<\/div>\n\t\t\t\t\t<\/div>\n\t\t\t\t<\/div>\n\t\t<div class=\"elementor-element elementor-element-b115f7e pad-tb-l e-flex e-con-boxed e-con e-parent\" data-id=\"b115f7e\" data-element_type=\"container\" data-e-type=\"container\" id=\"neutankanlagen\" data-settings=\"{&quot;background_background&quot;:&quot;classic&quot;}\">\n\t\t\t\t\t<div class=\"e-con-inner\">\n\t\t\t\t<div class=\"elementor-element elementor-element-b3acec3 elementor-widget__width-initial elementor-widget elementor-widget-video\" data-id=\"b3acec3\" data-element_type=\"widget\" data-e-type=\"widget\" data-settings=\"{&quot;youtube_url&quot;:&quot;https:\\\/\\\/www.youtube.com\\\/watch?v=g9RKdQyFpfo&quot;,&quot;video_type&quot;:&quot;youtube&quot;,&quot;controls&quot;:&quot;yes&quot;}\" data-widget_type=\"video.default\">\n\t\t\t\t<div class=\"elementor-widget-container\">\n\t\t\t\t\t\t\t<div class=\"elementor-wrapper elementor-open-inline\">\n\t\t\t<div class=\"elementor-video\"><\/div>\t\t<\/div>\n\t\t\t\t\t\t<\/div>\n\t\t\t\t<\/div>\n\t\t\t\t<div class=\"elementor-element elementor-element-bff2b5a elementor-widget__width-initial elementor-widget elementor-widget-video\" data-id=\"bff2b5a\" data-element_type=\"widget\" data-e-type=\"widget\" data-settings=\"{&quot;youtube_url&quot;:&quot;https:\\\/\\\/www.youtube.com\\\/watch?v=ntiwSIgvBMU&quot;,&quot;video_type&quot;:&quot;youtube&quot;,&quot;controls&quot;:&quot;yes&quot;}\" data-widget_type=\"video.default\">\n\t\t\t\t<div class=\"elementor-widget-container\">\n\t\t\t\t\t\t\t<div class=\"elementor-wrapper elementor-open-inline\">\n\t\t\t<div class=\"elementor-video\"><\/div>\t\t<\/div>\n\t\t\t\t\t\t<\/div>\n\t\t\t\t<\/div>\n\t\t\t\t<div class=\"elementor-element elementor-element-e948bfd elementor-widget__width-initial elementor-widget elementor-widget-video\" data-id=\"e948bfd\" data-element_type=\"widget\" data-e-type=\"widget\" data-settings=\"{&quot;youtube_url&quot;:&quot;https:\\\/\\\/www.youtube.com\\\/watch?v=rsyfoXG7q-Y&quot;,&quot;video_type&quot;:&quot;youtube&quot;,&quot;controls&quot;:&quot;yes&quot;}\" data-widget_type=\"video.default\">\n\t\t\t\t<div class=\"elementor-widget-container\">\n\t\t\t\t\t\t\t<div class=\"elementor-wrapper elementor-open-inline\">\n\t\t\t<div class=\"elementor-video\"><\/div>\t\t<\/div>\n\t\t\t\t\t\t<\/div>\n\t\t\t\t<\/div>\n\t\t\t\t<div class=\"elementor-element elementor-element-df57290 elementor-widget__width-initial elementor-widget elementor-widget-video\" data-id=\"df57290\" data-element_type=\"widget\" data-e-type=\"widget\" data-settings=\"{&quot;youtube_url&quot;:&quot;https:\\\/\\\/www.youtube.com\\\/watch?v=OcFCO2PywOA&quot;,&quot;video_type&quot;:&quot;youtube&quot;,&quot;controls&quot;:&quot;yes&quot;}\" data-widget_type=\"video.default\">\n\t\t\t\t<div class=\"elementor-widget-container\">\n\t\t\t\t\t\t\t<div class=\"elementor-wrapper elementor-open-inline\">\n\t\t\t<div class=\"elementor-video\"><\/div>\t\t<\/div>\n\t\t\t\t\t\t<\/div>\n\t\t\t\t<\/div>\n\t\t\t\t<div class=\"elementor-element elementor-element-9810b3c elementor-widget__width-initial elementor-widget elementor-widget-video\" data-id=\"9810b3c\" data-element_type=\"widget\" data-e-type=\"widget\" data-settings=\"{&quot;youtube_url&quot;:&quot;https:\\\/\\\/www.youtube.com\\\/watch?v=aAlH9ENDumI&quot;,&quot;video_type&quot;:&quot;youtube&quot;,&quot;controls&quot;:&quot;yes&quot;}\" data-widget_type=\"video.default\">\n\t\t\t\t<div class=\"elementor-widget-container\">\n\t\t\t\t\t\t\t<div class=\"elementor-wrapper elementor-open-inline\">\n\t\t\t<div class=\"elementor-video\"><\/div>\t\t<\/div>\n\t\t\t\t\t\t<\/div>\n\t\t\t\t<\/div>\n\t\t\t\t<div class=\"elementor-element elementor-element-f72ac24 elementor-widget__width-initial elementor-widget elementor-widget-video\" data-id=\"f72ac24\" data-element_type=\"widget\" data-e-type=\"widget\" data-settings=\"{&quot;youtube_url&quot;:&quot;https:\\\/\\\/www.youtube.com\\\/watch?v=uzm7HCz684E&quot;,&quot;video_type&quot;:&quot;youtube&quot;,&quot;controls&quot;:&quot;yes&quot;}\" data-widget_type=\"video.default\">\n\t\t\t\t<div class=\"elementor-widget-container\">\n\t\t\t\t\t\t\t<div class=\"elementor-wrapper elementor-open-inline\">\n\t\t\t<div class=\"elementor-video\"><\/div>\t\t<\/div>\n\t\t\t\t\t\t<\/div>\n\t\t\t\t<\/div>\n\t\t\t\t\t<\/div>\n\t\t\t\t<\/div>\n\t\t<div class=\"elementor-element elementor-element-77cad8bf e-flex e-con-boxed e-con e-parent\" data-id=\"77cad8bf\" data-element_type=\"container\" data-e-type=\"container\" data-settings=\"{&quot;background_background&quot;:&quot;classic&quot;}\">\n\t\t\t\t\t<div class=\"e-con-inner\">\n\t\t\t\t\t<\/div>\n\t\t\t\t<\/div>\n\t\t<div class=\"elementor-element elementor-element-18789cdb pad-tb-m e-flex e-con-boxed e-con e-parent\" data-id=\"18789cdb\" data-element_type=\"container\" data-e-type=\"container\">\n\t\t\t\t\t<div class=\"e-con-inner\">\n\t\t\t\t<div class=\"elementor-element elementor-element-ae36500 elementor-widget elementor-widget-shortcode\" data-id=\"ae36500\" data-element_type=\"widget\" data-e-type=\"widget\" data-widget_type=\"shortcode.default\">\n\t\t\t\t<div class=\"elementor-widget-container\">\n\t\t\t\t\t\t\t<div class=\"elementor-shortcode\">\t\t<div data-elementor-type=\"container\" data-elementor-id=\"7197\" class=\"elementor elementor-7197 elementor-2215 elementor-2215\" data-elementor-post-type=\"elementor_library\">\n\t\t\t\t<div class=\"elementor-element elementor-element-72e11f9 e-flex e-con-boxed e-con e-parent\" data-id=\"72e11f9\" data-element_type=\"container\" data-e-type=\"container\">\n\t\t\t\t\t<div class=\"e-con-inner\">\n\t\t<div class=\"elementor-element elementor-element-e00530c e-con-full e-flex e-con e-child\" data-id=\"e00530c\" data-element_type=\"container\" data-e-type=\"container\" data-settings=\"{&quot;background_background&quot;:&quot;classic&quot;}\">\n\t\t\t\t<div class=\"elementor-element elementor-element-52b1d78 elementor-widget elementor-widget-image\" data-id=\"52b1d78\" data-element_type=\"widget\" data-e-type=\"widget\" data-widget_type=\"image.default\">\n\t\t\t\t<div class=\"elementor-widget-container\">\n\t\t\t\t\t\t\t\t\t\t\t\t\t\t\t<img fetchpriority=\"high\" decoding=\"async\" width=\"684\" height=\"800\" src=\"https:\/\/sago.ch\/wp-content\/uploads\/2023\/02\/wasner-tankrevisionen-uetendorf-.jpg\" class=\"attachment-large size-large wp-image-7161\" alt=\"\" srcset=\"https:\/\/sago.ch\/wp-content\/uploads\/2023\/02\/wasner-tankrevisionen-uetendorf-.jpg 684w, https:\/\/sago.ch\/wp-content\/uploads\/2023\/02\/wasner-tankrevisionen-uetendorf--257x300.jpg 257w\" sizes=\"(max-width: 684px) 100vw, 684px\" \/>\t\t\t\t\t\t\t\t\t\t\t\t\t\t\t<\/div>\n\t\t\t\t<\/div>\n\t\t\t\t<\/div>\n\t\t<div class=\"elementor-element elementor-element-6cb5fdb e-con-full e-flex e-con e-child\" data-id=\"6cb5fdb\" data-element_type=\"container\" data-e-type=\"container\">\n\t\t\t\t<div class=\"elementor-element elementor-element-d74431d pad-tb-s elementor-widget elementor-widget-heading\" data-id=\"d74431d\" data-element_type=\"widget\" data-e-type=\"widget\" data-widget_type=\"heading.default\">\n\t\t\t\t<div class=\"elementor-widget-container\">\n\t\t\t\t\t<h2 class=\"elementor-heading-title elementor-size-default\">Bonjour, je suis Yvonne W\u00e4lti !<\/h2>\t\t\t\t<\/div>\n\t\t\t\t<\/div>\n\t\t\t\t<div class=\"elementor-element elementor-element-a638f83 pad-b-s elementor-widget elementor-widget-text-editor\" data-id=\"a638f83\" data-element_type=\"widget\" data-e-type=\"widget\" data-widget_type=\"text-editor.default\">\n\t\t\t\t<div class=\"elementor-widget-container\">\n\t\t\t\t\t\t\t\t\t<p>Appelez-moi, nous trouverons la meilleure solution pour vous.<\/p>\t\t\t\t\t\t\t\t<\/div>\n\t\t\t\t<\/div>\n\t\t\t\t<div class=\"elementor-element elementor-element-26b75ca pad-b-s elementor-widget elementor-widget-button\" data-id=\"26b75ca\" data-element_type=\"widget\" data-e-type=\"widget\" data-widget_type=\"button.default\">\n\t\t\t\t<div class=\"elementor-widget-container\">\n\t\t\t\t\t\t\t\t\t<div class=\"elementor-button-wrapper\">\n\t\t\t\t\t<a class=\"elementor-button elementor-button-link elementor-size-sm\" href=\"tel:0344222646\">\n\t\t\t\t\t\t<span class=\"elementor-button-content-wrapper\">\n\t\t\t\t\t\t\t\t\t<span class=\"elementor-button-text\">034 422 26 46<\/span>\n\t\t\t\t\t<\/span>\n\t\t\t\t\t<\/a>\n\t\t\t\t<\/div>\n\t\t\t\t\t\t\t\t<\/div>\n\t\t\t\t<\/div>\n\t\t\t\t<div class=\"elementor-element elementor-element-48a0bd9 pad-b-s elementor-widget elementor-widget-button\" data-id=\"48a0bd9\" data-element_type=\"widget\" data-e-type=\"widget\" data-widget_type=\"button.default\">\n\t\t\t\t<div class=\"elementor-widget-container\">\n\t\t\t\t\t\t\t\t\t<div class=\"elementor-button-wrapper\">\n\t\t\t\t\t<a class=\"elementor-button elementor-button-link elementor-size-sm\" href=\"mailto:info@sago.ch\">\n\t\t\t\t\t\t<span class=\"elementor-button-content-wrapper\">\n\t\t\t\t\t\t\t\t\t<span class=\"elementor-button-text\">info@sago.ch<\/span>\n\t\t\t\t\t<\/span>\n\t\t\t\t\t<\/a>\n\t\t\t\t<\/div>\n\t\t\t\t\t\t\t\t<\/div>\n\t\t\t\t<\/div>\n\t\t\t\t<\/div>\n\t\t\t\t\t<\/div>\n\t\t\t\t<\/div>\n\t\t\t\t<\/div>\n\t\t<\/div>\n\t\t\t\t\t\t<\/div>\n\t\t\t\t<\/div>\n\t\t\t\t\t<\/div>\n\t\t\t\t<\/div>\n\t\t<div class=\"elementor-element elementor-element-67398ee0 pad-tb-l e-flex e-con-boxed e-con e-parent\" data-id=\"67398ee0\" data-element_type=\"container\" data-e-type=\"container\" id=\"fragen\" data-settings=\"{&quot;background_background&quot;:&quot;classic&quot;}\">\n\t\t\t\t\t<div class=\"e-con-inner\">\n\t\t\t\t<div class=\"elementor-element elementor-element-65aa6b55 elementor-widget__width-inherit pad-b-s elementor-widget elementor-widget-heading\" data-id=\"65aa6b55\" data-element_type=\"widget\" data-e-type=\"widget\" data-widget_type=\"heading.default\">\n\t\t\t\t<div class=\"elementor-widget-container\">\n\t\t\t\t\t<h1 class=\"elementor-heading-title elementor-size-default\">Questions fr\u00e9quemment pos\u00e9es :<\/h1>\t\t\t\t<\/div>\n\t\t\t\t<\/div>\n\t\t\t\t<div class=\"elementor-element elementor-element-eadb027 elementor-widget__width-inherit elementor-widget elementor-widget-shortcode\" data-id=\"eadb027\" data-element_type=\"widget\" data-e-type=\"widget\" data-widget_type=\"shortcode.default\">\n\t\t\t\t<div class=\"elementor-widget-container\">\n\t\t\t\t\t\t\t<div class=\"elementor-shortcode\"><div class=\"ogf-accordion elementor-widget-n-accordion\"><details class=\"ogf-accordion__item\"><summary class=\"ogf-accordion__summary\">Quand est-il recommand\u00e9 de proc\u00e9der \u00e0 une r\u00e9vision de citerne avec nettoyage int\u00e9rieur ?<\/summary><div class=\"ogf-accordion__panel\">\n<p>Nous vous recommandons de faire r\u00e9viser une citerne \u00e0 mazout tous les dix ans, nettoyage int\u00e9rieur compris.   <\/p>\n\n<p><\/p>\n<\/div><\/details><details class=\"ogf-accordion__item\"><summary class=\"ogf-accordion__summary\">O\u00f9 peut-on consulter la date de la derni\u00e8re r\u00e9vision effectu\u00e9e ?<\/summary><div class=\"ogf-accordion__panel\">\n<p>La date des derniers travaux effectu\u00e9s est indiqu\u00e9e sur l&rsquo;autocollant appos\u00e9 sur la porte du local de stockage.<\/p>\n<\/div><\/details><details class=\"ogf-accordion__item\"><summary class=\"ogf-accordion__summary\">La r\u00e9vision d&rsquo;une citerne en hiver entra\u00eene-t-elle des frais suppl\u00e9mentaires ?<\/summary><div class=\"ogf-accordion__panel\">\n<p>Non, nous mettons gratuitement \u00e0 votre disposition un chauffage provisoire, une alimentation provisoire en mazout pour le chauffage. <\/p>\n<\/div><\/details><details class=\"ogf-accordion__item\"><summary class=\"ogf-accordion__summary\">J&rsquo;ai rempli le r\u00e9servoir r\u00e9cemment. Quelle est la quantit\u00e9 maximale d&rsquo;huile pouvant \u00eatre retir\u00e9e sans frais suppl\u00e9mentaires ?<\/summary><div class=\"ogf-accordion__panel\">\n<p>La quantit\u00e9 maximale pouvant \u00eatre retir\u00e9e gratuitement est de 15 000 litres. Il est toutefois essentiel que nous recevions des informations d\u00e9taill\u00e9es sur votre stock afin de pouvoir disposer de la remorque-citerne correcte pour le stockage temporaire. La m\u00e9thode de mesure la plus simple est l&rsquo;utilisation d&rsquo;une jauge.  <\/p>\n\n<p><\/p>\n<\/div><\/details><\/div><\/div>\n\t\t\t\t\t\t<\/div>\n\t\t\t\t<\/div>\n\t\t\t\t\t<\/div>\n\t\t\t\t<\/div>\n\t\t<div class=\"elementor-element elementor-element-3f727f42 pad-tb-m e-flex e-con-boxed e-con e-parent\" data-id=\"3f727f42\" data-element_type=\"container\" data-e-type=\"container\">\n\t\t\t\t\t<div class=\"e-con-inner\">\n\t\t\t\t<div class=\"elementor-element elementor-element-540ac30b elementor-widget__width-inherit pad-t-m elementor-widget elementor-widget-heading\" data-id=\"540ac30b\" data-element_type=\"widget\" data-e-type=\"widget\" data-widget_type=\"heading.default\">\n\t\t\t\t<div class=\"elementor-widget-container\">\n\t\t\t\t\t<h1 class=\"elementor-heading-title elementor-size-default\">Cela pourrait aussi vous int\u00e9resser :<\/h1>\t\t\t\t<\/div>\n\t\t\t\t<\/div>\n\t\t\t\t<div class=\"elementor-element elementor-element-4184c981 elementor-widget-mobile__width-initial elementor-widget-tablet__width-inherit pad-tb-s elementor-widget elementor-widget-shortcode\" data-id=\"4184c981\" data-element_type=\"widget\" data-e-type=\"widget\" data-widget_type=\"shortcode.default\">\n\t\t\t\t<div class=\"elementor-widget-container\">\n\t\t\t\t\t\t\t<div class=\"elementor-shortcode\">\t\t<div data-elementor-type=\"container\" data-elementor-id=\"7201\" class=\"elementor elementor-7201 elementor-2184 elementor-2184\" data-elementor-post-type=\"elementor_library\">\n\t\t\t\t<div class=\"elementor-element elementor-element-ae0798c e-con-full e-flex e-con e-child\" data-id=\"ae0798c\" data-element_type=\"container\" data-e-type=\"container\" data-settings=\"{&quot;background_background&quot;:&quot;classic&quot;}\">\n\t\t\t\t<div class=\"elementor-element elementor-element-39e038f elementor-widget elementor-widget-heading\" data-id=\"39e038f\" data-element_type=\"widget\" data-e-type=\"widget\" data-widget_type=\"heading.default\">\n\t\t\t\t<div class=\"elementor-widget-container\">\n\t\t\t\t\t<h2 class=\"elementor-heading-title elementor-size-default\"><a href=\"https:\/\/sago.ch\/fr\/eau-de-pluie\/\">Eau de pluie<\/a><\/h2>\t\t\t\t<\/div>\n\t\t\t\t<\/div>\n\t\t\t\t<div class=\"elementor-element elementor-element-a5650a6 elementor-widget elementor-widget-heading\" data-id=\"a5650a6\" data-element_type=\"widget\" data-e-type=\"widget\" data-widget_type=\"heading.default\">\n\t\t\t\t<div class=\"elementor-widget-container\">\n\t\t\t\t\t<h2 class=\"elementor-heading-title elementor-size-default\"><a href=\"https:\/\/sago.ch\/fr\/eau-de-pluie\/#nouveau-reservoir\">Nouvelle installation d'eau de pluie<\/a><\/h2>\t\t\t\t<\/div>\n\t\t\t\t<\/div>\n\t\t\t\t<div class=\"elementor-element elementor-element-ab82626 elementor-widget elementor-widget-heading\" data-id=\"ab82626\" data-element_type=\"widget\" data-e-type=\"widget\" data-widget_type=\"heading.default\">\n\t\t\t\t<div class=\"elementor-widget-container\">\n\t\t\t\t\t<h2 class=\"elementor-heading-title elementor-size-default\"><a href=\"https:\/\/sago.ch\/fr\/eau-de-pluie\/#accessoires\">Accessoires pour eau de pluie<\/a><\/h2>\t\t\t\t<\/div>\n\t\t\t\t<\/div>\n\t\t\t\t<div class=\"elementor-element elementor-element-508348b elementor-widget elementor-widget-heading\" data-id=\"508348b\" data-element_type=\"widget\" data-e-type=\"widget\" data-widget_type=\"heading.default\">\n\t\t\t\t<div class=\"elementor-widget-container\">\n\t\t\t\t\t<h2 class=\"elementor-heading-title elementor-size-default\"><a href=\"https:\/\/sago.ch\/fr\/eau-de-pluie\/#reservoir%E2%80%93umbau\">Transformation d'utilisation d'eau de pluie<\/a><\/h2>\t\t\t\t<\/div>\n\t\t\t\t<\/div>\n\t\t\t\t<div class=\"elementor-element elementor-element-a1f816b elementor-widget elementor-widget-heading\" data-id=\"a1f816b\" data-element_type=\"widget\" data-e-type=\"widget\" data-widget_type=\"heading.default\">\n\t\t\t\t<div class=\"elementor-widget-container\">\n\t\t\t\t\t<h2 class=\"elementor-heading-title elementor-size-default\"><a href=\"https:\/\/sago.ch\/fr\/stations-service\/#revision\">R\u00e9vision de r\u00e9servoirs stations-service<\/a><\/h2>\t\t\t\t<\/div>\n\t\t\t\t<\/div>\n\t\t\t\t<div class=\"elementor-element elementor-element-402aa56 elementor-widget elementor-widget-heading\" data-id=\"402aa56\" data-element_type=\"widget\" data-e-type=\"widget\" data-widget_type=\"heading.default\">\n\t\t\t\t<div class=\"elementor-widget-container\">\n\t\t\t\t\t<h2 class=\"elementor-heading-title elementor-size-default\"><a href=\"https:\/\/sago.ch\/fr\/stations-service\/#renovation\">Assainissement de r\u00e9servoirs stations-service<\/a><\/h2>\t\t\t\t<\/div>\n\t\t\t\t<\/div>\n\t\t\t\t<div class=\"elementor-element elementor-element-e1575e0 elementor-widget elementor-widget-heading\" data-id=\"e1575e0\" data-element_type=\"widget\" data-e-type=\"widget\" data-widget_type=\"heading.default\">\n\t\t\t\t<div class=\"elementor-widget-container\">\n\t\t\t\t\t<h2 class=\"elementor-heading-title elementor-size-default\"><a href=\"https:\/\/sago.ch\/fr\/eau-de-pluie\/#avantages\">Pourquoi utiliser l'eau de pluie ?<\/a><\/h2>\t\t\t\t<\/div>\n\t\t\t\t<\/div>\n\t\t\t\t<div class=\"elementor-element elementor-element-7e58a7b elementor-widget elementor-widget-heading\" data-id=\"7e58a7b\" data-element_type=\"widget\" data-e-type=\"widget\" data-widget_type=\"heading.default\">\n\t\t\t\t<div class=\"elementor-widget-container\">\n\t\t\t\t\t<h2 class=\"elementor-heading-title elementor-size-default\"><a href=\"https:\/\/sago.ch\/fr\/service-et-accessoires\/#securites-de-remplissage\">S\u00e9curit\u00e9s de remplissage<\/a><\/h2>\t\t\t\t<\/div>\n\t\t\t\t<\/div>\n\t\t\t\t<div class=\"elementor-element elementor-element-acc7fa6 elementor-widget elementor-widget-heading\" data-id=\"acc7fa6\" data-element_type=\"widget\" data-e-type=\"widget\" data-widget_type=\"heading.default\">\n\t\t\t\t<div class=\"elementor-widget-container\">\n\t\t\t\t\t<h2 class=\"elementor-heading-title elementor-size-default\"><a href=\"https:\/\/sago.ch\/fr\/service-et-accessoires\/#detecteurs-de-fuites\">D\u00e9tecteurs de fuites<\/a><\/h2>\t\t\t\t<\/div>\n\t\t\t\t<\/div>\n\t\t\t\t<div class=\"elementor-element elementor-element-8985e4b elementor-widget elementor-widget-heading\" data-id=\"8985e4b\" data-element_type=\"widget\" data-e-type=\"widget\" data-widget_type=\"heading.default\">\n\t\t\t\t<div class=\"elementor-widget-container\">\n\t\t\t\t\t<h2 class=\"elementor-heading-title elementor-size-default\"><a href=\"https:\/\/sago.ch\/fr\/stations-service\/\">Stations-service<\/a><\/h2>\t\t\t\t<\/div>\n\t\t\t\t<\/div>\n\t\t\t\t<div class=\"elementor-element elementor-element-3ae1783 elementor-widget elementor-widget-heading\" data-id=\"3ae1783\" data-element_type=\"widget\" data-e-type=\"widget\" data-widget_type=\"heading.default\">\n\t\t\t\t<div class=\"elementor-widget-container\">\n\t\t\t\t\t<h2 class=\"elementor-heading-title elementor-size-default\"><a href=\"https:\/\/sago.ch\/fr\/service-et-accessoires\/#indicateurs-de-niveau\">Indicateurs de niveau<\/a><\/h2>\t\t\t\t<\/div>\n\t\t\t\t<\/div>\n\t\t\t\t<\/div>\n\t\t\t\t<\/div>\n\t\t<\/div>\n\t\t\t\t\t\t<\/div>\n\t\t\t\t<\/div>\n\t\t\t\t\t<\/div>\n\t\t\t\t<\/div>\n\t\t\t\t<\/div>\n\t\t","protected":false},"excerpt":{"rendered":"<p>Vid\u00e9os https:\/\/www.youtube.com\/watch?v=g9RKdQyFpfohttps:\/\/www.youtube.com\/watch?v=ntiwSIgvBMUhttps:\/\/www.youtube.com\/watch?v=rsyfoXG7q-Yhttps:\/\/www.youtube.com\/watch?v=OcFCO2PywOAhttps:\/\/www.youtube.com\/watch?v=aAlH9ENDumIhttps:\/\/www.youtube.com\/watch?v=uzm7HCz684E Questions fr\u00e9quemment pos\u00e9es : Cela pourrait aussi vous int\u00e9resser :<\/p>\n","protected":false},"author":6,"featured_media":0,"parent":0,"menu_order":86,"comment_status":"closed","ping_status":"closed","template":"","meta":{"_acf_changed":false,"footnotes":""},"class_list":["post-9850","page","type-page","status-publish","hentry"],"acf":[],"_links":{"self":[{"href":"https:\/\/sago.ch\/fr\/wp-json\/wp\/v2\/pages\/9850","targetHints":{"allow":["GET"]}}],"collection":[{"href":"https:\/\/sago.ch\/fr\/wp-json\/wp\/v2\/pages"}],"about":[{"href":"https:\/\/sago.ch\/fr\/wp-json\/wp\/v2\/types\/page"}],"author":[{"embeddable":true,"href":"https:\/\/sago.ch\/fr\/wp-json\/wp\/v2\/users\/6"}],"replies":[{"embeddable":true,"href":"https:\/\/sago.ch\/fr\/wp-json\/wp\/v2\/comments?post=9850"}],"version-history":[{"count":1,"href":"https:\/\/sago.ch\/fr\/wp-json\/wp\/v2\/pages\/9850\/revisions"}],"predecessor-version":[{"id":9858,"href":"https:\/\/sago.ch\/fr\/wp-json\/wp\/v2\/pages\/9850\/revisions\/9858"}],"wp:attachment":[{"href":"https:\/\/sago.ch\/fr\/wp-json\/wp\/v2\/media?parent=9850"}],"curies":[{"name":"wp","href":"https:\/\/api.w.org\/{rel}","templated":true}]}}