{"id":9753,"date":"2025-09-08T11:58:17","date_gmt":"2025-09-08T10:58:17","guid":{"rendered":"https:\/\/sago.ch\/mentions-legales\/"},"modified":"2026-02-06T20:35:19","modified_gmt":"2026-02-06T19:35:19","slug":"mentions-legales","status":"publish","type":"page","link":"https:\/\/sago.ch\/fr\/mentions-legales\/","title":{"rendered":"Mentions l\u00e9gales"},"content":{"rendered":"\t\t<div data-elementor-type=\"wp-page\" data-elementor-id=\"9753\" class=\"elementor elementor-9753 elementor-6360\" data-elementor-post-type=\"page\">\n\t\t\t\t<div class=\"elementor-element elementor-element-17c92560 e-flex e-con-boxed e-con e-parent\" data-id=\"17c92560\" data-element_type=\"container\" data-e-type=\"container\" data-settings=\"{&quot;background_background&quot;:&quot;classic&quot;}\">\n\t\t\t\t\t<div class=\"e-con-inner\">\n\t\t\t\t<div class=\"elementor-element elementor-element-78de8b32 elementor-widget elementor-widget-heading\" data-id=\"78de8b32\" data-element_type=\"widget\" data-e-type=\"widget\" data-widget_type=\"heading.default\">\n\t\t\t\t<div class=\"elementor-widget-container\">\n\t\t\t\t\t<h1 class=\"elementor-heading-title elementor-size-default\">Mentions l\u00e9gales<\/h1>\t\t\t\t<\/div>\n\t\t\t\t<\/div>\n\t\t\t\t\t<\/div>\n\t\t\t\t<\/div>\n\t\t<div class=\"elementor-element elementor-element-f0dd4a0 e-flex e-con-boxed e-con e-parent\" data-id=\"f0dd4a0\" data-element_type=\"container\" data-e-type=\"container\" data-settings=\"{&quot;background_background&quot;:&quot;classic&quot;}\">\n\t\t\t\t\t<div class=\"e-con-inner\">\n\t\t\t\t<div class=\"elementor-element elementor-element-c7b4def elementor-widget elementor-widget-text-editor\" data-id=\"c7b4def\" data-element_type=\"widget\" data-e-type=\"widget\" data-widget_type=\"text-editor.default\">\n\t\t\t\t<div class=\"elementor-widget-container\">\n\t\t\t\t\t\t\t\t\t<p>Editeur et responsable du contenu :<br>SAGO Tankrevisions AG<br>Hofstatt 6<br>Case postale<br>3400 Burgdorf<br>T 034 422 26 46<br>E-Mail <a class=\"autolinked\" href=\"mailto:info@sago.ch\" target=\"_blank\" rel=\"noopener noreferrer\" data-behavior=\"truncate\">info@sago.ch<\/a><\/p><p> <\/p><p>Utilisation des images :<br>Toutes les images sont prot\u00e9g\u00e9es par des droits d&rsquo;auteur. Il est interdit d&rsquo;utiliser, de reproduire ou de modifier ces \u0153uvres sans l&rsquo;autorisation de leurs auteurs. Le non-respect de la loi sur les droits d&rsquo;auteur est passible de poursuites civiles.  <\/p><p> <\/p><p>D\u00e9veloppement &amp; exploitation :<br>useit.ch GmbH<br>Hohengasse 19<br>3400 Burgdorf<br>T 079 344 07 33<br>armin.oppliger@useit.ch<br>useit.ch<\/p><p> <\/p><p>Design&amp;photographie :<br>ueligyger.ch<br>weingartenstrasse 21<br>3652 hilterfingen<br>T +41 79 432 92 69<br>mail@ueligyger.ch<br> ueligyger<a href=\"http:\/\/ueligyger.ch\" target=\"_blank\" rel=\"noopener\">.ch<\/a><\/p><p> <\/p><p>SEO &amp; Ads<br>Avec l&rsquo;aimable soutien de :<br>Laudatio Internet Services SEO-Emmental<br><a href=\"https:\/\/seo-emmental.ch\/\" target=\"_blank\" rel=\"noopener noreferrer\">www.seo-emmental.ch<\/a><\/p>\t\t\t\t\t\t\t\t<\/div>\n\t\t\t\t<\/div>\n\t\t\t\t\t<\/div>\n\t\t\t\t<\/div>\n\t\t\t\t<\/div>\n\t\t","protected":false},"excerpt":{"rendered":"<p>Mentions l\u00e9gales Editeur et responsable du contenu :SAGO Tankrevisions AGHofstatt 6Case postale3400 BurgdorfT 034 422 26 46E-Mail info@sago.ch Utilisation des images :Toutes les images sont prot\u00e9g\u00e9es par des droits d&rsquo;auteur. Il est interdit d&rsquo;utiliser, de reproduire ou de modifier ces \u0153uvres sans l&rsquo;autorisation de leurs auteurs. Le non-respect de la loi sur les droits d&rsquo;auteur [&hellip;]<\/p>\n","protected":false},"author":7,"featured_media":0,"parent":0,"menu_order":47,"comment_status":"closed","ping_status":"closed","template":"","meta":{"_acf_changed":false,"footnotes":""},"class_list":["post-9753","page","type-page","status-publish","hentry"],"acf":[],"_links":{"self":[{"href":"https:\/\/sago.ch\/fr\/wp-json\/wp\/v2\/pages\/9753","targetHints":{"allow":["GET"]}}],"collection":[{"href":"https:\/\/sago.ch\/fr\/wp-json\/wp\/v2\/pages"}],"about":[{"href":"https:\/\/sago.ch\/fr\/wp-json\/wp\/v2\/types\/page"}],"author":[{"embeddable":true,"href":"https:\/\/sago.ch\/fr\/wp-json\/wp\/v2\/users\/7"}],"replies":[{"embeddable":true,"href":"https:\/\/sago.ch\/fr\/wp-json\/wp\/v2\/comments?post=9753"}],"version-history":[{"count":1,"href":"https:\/\/sago.ch\/fr\/wp-json\/wp\/v2\/pages\/9753\/revisions"}],"predecessor-version":[{"id":9754,"href":"https:\/\/sago.ch\/fr\/wp-json\/wp\/v2\/pages\/9753\/revisions\/9754"}],"wp:attachment":[{"href":"https:\/\/sago.ch\/fr\/wp-json\/wp\/v2\/media?parent=9753"}],"curies":[{"name":"wp","href":"https:\/\/api.w.org\/{rel}","templated":true}]}}